{"id":18,"date":"2015-04-17T12:02:27","date_gmt":"2015-04-17T12:02:27","guid":{"rendered":"http:\/\/sebastian.stiffel.me\/?page_id=18"},"modified":"2019-12-10T08:20:48","modified_gmt":"2019-12-10T08:20:48","slug":"impressum","status":"publish","type":"page","link":"https:\/\/sebastian.stiffel.me\/?page_id=18","title":{"rendered":"Impressum"},"content":{"rendered":"<p><strong>Angaben gem\u00e4\u00df \u00a7 5 TMG<\/strong><\/p>\n<p>Sebastian Stiffel<br \/>\nUntere Dorfstr. 2c<br \/>\n84072 Au i.d. Hallertau<\/p>\n<p><strong>Kontakt<\/strong><\/p>\n<p>Telefon: +49 (0) 177 172 69 00<br \/>\nE-Mail: sebastian.stiffel@gmail.com<\/p>\n<p><strong>Verantwortlich f\u00fcr den Inhalt nach \u00a7 55 Abs. 2 RStV<\/strong><\/p>\n<p><span style=\"line-height: 1.5;\">Sebastian Stiffel<br \/>\nUntere Dorfstr. 2c<br \/>\n84072 Au i.d. Hallertau<\/span><\/p>\n","protected":false},"excerpt":{"rendered":"<p>Angaben gem\u00e4\u00df \u00a7 5 TMG Sebastian Stiffel Untere Dorfstr. 2c 84072 Au i.d. Hallertau Kontakt Telefon: +49 (0) 177 172 69 00 E-Mail: sebastian.stiffel@gmail.com Verantwortlich f\u00fcr den Inhalt nach \u00a7 55 Abs. 2 RStV Sebastian Stiffel Untere Dorfstr. 2c 84072 Au i.d. Hallertau<\/p>\n","protected":false},"author":1,"featured_media":0,"parent":0,"menu_order":99,"comment_status":"open","ping_status":"open","template":"","meta":{"jetpack_post_was_ever_published":false,"footnotes":""},"class_list":["post-18","page","type-page","status-publish","hentry"],"jetpack_sharing_enabled":true,"jetpack_shortlink":"https:\/\/wp.me\/P69OB9-i","jetpack-related-posts":[{"id":2,"url":"https:\/\/sebastian.stiffel.me\/?page_id=2","url_meta":{"origin":18,"position":0},"title":"\u00dcber","author":"sstiffel","date":"April 17, 2015","format":false,"excerpt":"Dies ist die Seite von Sebastian Stiffel.","rel":"","context":"\u00c4hnlicher Beitrag","block_context":{"text":"\u00c4hnlicher Beitrag","link":""},"img":{"alt_text":"","src":"","width":0,"height":0},"classes":[]},{"id":16,"url":"https:\/\/sebastian.stiffel.me\/?page_id=16","url_meta":{"origin":18,"position":1},"title":"Kontakt","author":"sstiffel","date":"April 17, 2015","format":false,"excerpt":"Sebastian Stiffel Eichenstra\u00dfe 11 85609 Aschheim Kontakt Telefon: +49 (0) 177 172 69 00 E-Mail: sebastian.stiffel@gmail.com","rel":"","context":"\u00c4hnlicher Beitrag","block_context":{"text":"\u00c4hnlicher Beitrag","link":""},"img":{"alt_text":"","src":"","width":0,"height":0},"classes":[]},{"id":22,"url":"https:\/\/sebastian.stiffel.me\/?page_id=22","url_meta":{"origin":18,"position":2},"title":"Fotos","author":"sstiffel","date":"April 17, 2015","format":false,"excerpt":"Fotosammlung...","rel":"","context":"\u00c4hnlicher Beitrag","block_context":{"text":"\u00c4hnlicher Beitrag","link":""},"img":{"alt_text":"","src":"","width":0,"height":0},"classes":[]}],"_links":{"self":[{"href":"https:\/\/sebastian.stiffel.me\/index.php?rest_route=\/wp\/v2\/pages\/18","targetHints":{"allow":["GET"]}}],"collection":[{"href":"https:\/\/sebastian.stiffel.me\/index.php?rest_route=\/wp\/v2\/pages"}],"about":[{"href":"https:\/\/sebastian.stiffel.me\/index.php?rest_route=\/wp\/v2\/types\/page"}],"author":[{"embeddable":true,"href":"https:\/\/sebastian.stiffel.me\/index.php?rest_route=\/wp\/v2\/users\/1"}],"replies":[{"embeddable":true,"href":"https:\/\/sebastian.stiffel.me\/index.php?rest_route=%2Fwp%2Fv2%2Fcomments&post=18"}],"version-history":[{"count":2,"href":"https:\/\/sebastian.stiffel.me\/index.php?rest_route=\/wp\/v2\/pages\/18\/revisions"}],"predecessor-version":[{"id":644,"href":"https:\/\/sebastian.stiffel.me\/index.php?rest_route=\/wp\/v2\/pages\/18\/revisions\/644"}],"wp:attachment":[{"href":"https:\/\/sebastian.stiffel.me\/index.php?rest_route=%2Fwp%2Fv2%2Fmedia&parent=18"}],"curies":[{"name":"wp","href":"https:\/\/api.w.org\/{rel}","templated":true}]}}